{"id":5074,"date":"2021-09-25T01:57:25","date_gmt":"2021-09-24T22:57:25","guid":{"rendered":"https:\/\/www.malatyayedekparca.com\/?post_type=product&#038;p=5074"},"modified":"2024-10-05T15:54:10","modified_gmt":"2024-10-05T12:54:10","slug":"vaillant-su-dolum-vanasi-plastik","status":"publish","type":"product","link":"https:\/\/www.malatyayedekparca.com\/index.php\/urun\/vaillant-su-dolum-vanasi-plastik\/","title":{"rendered":"vaillant su dolum vanas\u0131 plast\u0131k"},"content":{"rendered":"<div style='text-align:right' class='yasr-auto-insert-visitor'><\/div><p>vaillant su dolum muslugu plast\u0131k yen\u0131 t\u0131p turbotec<\/p>\n","protected":false},"excerpt":{"rendered":"<p>vaillant su dolum muslugu plast\u0131k yen\u0131 t\u0131p turbotec<\/p>\n","protected":false},"featured_media":5193,"comment_status":"open","ping_status":"closed","template":"","meta":{"yasr_overall_rating":0,"yasr_post_is_review":"","yasr_auto_insert_disabled":"","yasr_review_type":""},"product_cat":[15,955],"product_tag":[881,980],"class_list":{"0":"post-5074","1":"product","2":"type-product","3":"status-publish","4":"has-post-thumbnail","6":"product_cat-diger-urunler","7":"product_cat-kombi-doldurma-musluklari","8":"product_tag-vaillant-plastik-su-dolum-vanasi","9":"product_tag-vaillant-su-dolum-muslugu-plastik-yeni-tip-turbotec","11":"first","12":"instock","13":"shipping-taxable","14":"purchasable","15":"product-type-simple"},"yasr_visitor_votes":{"stars_attributes":{"read_only":false,"span_bottom":false},"number_of_votes":2,"sum_votes":10},"_links":{"self":[{"href":"https:\/\/www.malatyayedekparca.com\/index.php\/wp-json\/wp\/v2\/product\/5074"}],"collection":[{"href":"https:\/\/www.malatyayedekparca.com\/index.php\/wp-json\/wp\/v2\/product"}],"about":[{"href":"https:\/\/www.malatyayedekparca.com\/index.php\/wp-json\/wp\/v2\/types\/product"}],"replies":[{"embeddable":true,"href":"https:\/\/www.malatyayedekparca.com\/index.php\/wp-json\/wp\/v2\/comments?post=5074"}],"wp:featuredmedia":[{"embeddable":true,"href":"https:\/\/www.malatyayedekparca.com\/index.php\/wp-json\/wp\/v2\/media\/5193"}],"wp:attachment":[{"href":"https:\/\/www.malatyayedekparca.com\/index.php\/wp-json\/wp\/v2\/media?parent=5074"}],"wp:term":[{"taxonomy":"product_cat","embeddable":true,"href":"https:\/\/www.malatyayedekparca.com\/index.php\/wp-json\/wp\/v2\/product_cat?post=5074"},{"taxonomy":"product_tag","embeddable":true,"href":"https:\/\/www.malatyayedekparca.com\/index.php\/wp-json\/wp\/v2\/product_tag?post=5074"}],"curies":[{"name":"wp","href":"https:\/\/api.w.org\/{rel}","templated":true}]}}