{"id":5084,"date":"2021-09-25T02:13:23","date_gmt":"2021-09-24T23:13:23","guid":{"rendered":"https:\/\/www.malatyayedekparca.com\/?post_type=product&#038;p=5084"},"modified":"2024-10-05T15:53:54","modified_gmt":"2024-10-05T12:53:54","slug":"ferroli-eltek-akis-turbini-2","status":"publish","type":"product","link":"https:\/\/www.malatyayedekparca.com\/index.php\/urun\/ferroli-eltek-akis-turbini-2\/","title":{"rendered":"ferroli eltek ak\u0131\u015f t\u00fcrbini"},"content":{"rendered":"<div style='text-align:right' class='yasr-auto-insert-visitor'><\/div><p>divatop ak\u0131\u015f t\u00fcrbini eltek beyaz<\/p>\n","protected":false},"excerpt":{"rendered":"<p>divatop ak\u0131\u015f t\u00fcrbini eltek beyaz<\/p>\n","protected":false},"featured_media":5191,"comment_status":"open","ping_status":"closed","template":"","meta":{"yasr_overall_rating":0,"yasr_post_is_review":"","yasr_auto_insert_disabled":"","yasr_review_type":""},"product_cat":[945],"product_tag":[887,888,886],"class_list":{"0":"post-5084","1":"product","2":"type-product","3":"status-publish","4":"has-post-thumbnail","6":"product_cat-kombi-akis-turbin-guruplari","7":"product_tag-akis-turbini","8":"product_tag-akis-turbini-eltek-ferroli-divatop","9":"product_tag-ferroli-akis-turbini-beyaz","11":"first","12":"instock","13":"shipping-taxable","14":"purchasable","15":"product-type-simple"},"yasr_visitor_votes":{"stars_attributes":{"read_only":false,"span_bottom":false},"number_of_votes":0,"sum_votes":0},"_links":{"self":[{"href":"https:\/\/www.malatyayedekparca.com\/index.php\/wp-json\/wp\/v2\/product\/5084"}],"collection":[{"href":"https:\/\/www.malatyayedekparca.com\/index.php\/wp-json\/wp\/v2\/product"}],"about":[{"href":"https:\/\/www.malatyayedekparca.com\/index.php\/wp-json\/wp\/v2\/types\/product"}],"replies":[{"embeddable":true,"href":"https:\/\/www.malatyayedekparca.com\/index.php\/wp-json\/wp\/v2\/comments?post=5084"}],"wp:featuredmedia":[{"embeddable":true,"href":"https:\/\/www.malatyayedekparca.com\/index.php\/wp-json\/wp\/v2\/media\/5191"}],"wp:attachment":[{"href":"https:\/\/www.malatyayedekparca.com\/index.php\/wp-json\/wp\/v2\/media?parent=5084"}],"wp:term":[{"taxonomy":"product_cat","embeddable":true,"href":"https:\/\/www.malatyayedekparca.com\/index.php\/wp-json\/wp\/v2\/product_cat?post=5084"},{"taxonomy":"product_tag","embeddable":true,"href":"https:\/\/www.malatyayedekparca.com\/index.php\/wp-json\/wp\/v2\/product_tag?post=5084"}],"curies":[{"name":"wp","href":"https:\/\/api.w.org\/{rel}","templated":true}]}}