{"id":5096,"date":"2021-09-25T02:26:05","date_gmt":"2021-09-24T23:26:05","guid":{"rendered":"https:\/\/www.malatyayedekparca.com\/?post_type=product&#038;p=5096"},"modified":"2023-12-11T16:45:51","modified_gmt":"2023-12-11T13:45:51","slug":"baymak-yayli-akis-turbini","status":"publish","type":"product","link":"https:\/\/www.malatyayedekparca.com\/index.php\/urun\/baymak-yayli-akis-turbini\/","title":{"rendered":"baymak yayl\u0131 ak\u0131\u015f t\u00fcrbini"},"content":{"rendered":"<div style='text-align:right' class='yasr-auto-insert-visitor'><\/div><p>baymak pirin\u00e7 yayl\u0131 ak\u0131\u015f t\u00fcrbini<\/p>\n","protected":false},"excerpt":{"rendered":"<p>baymak pirin\u00e7 yayl\u0131 ak\u0131\u015f t\u00fcrbini<\/p>\n","protected":false},"featured_media":5185,"comment_status":"open","ping_status":"closed","template":"","meta":{"yasr_overall_rating":0,"yasr_post_is_review":"","yasr_auto_insert_disabled":"","yasr_review_type":""},"product_cat":[945],"product_tag":[445,893,929,894],"class_list":{"0":"post-5096","1":"product","2":"type-product","3":"status-publish","4":"has-post-thumbnail","6":"product_cat-kombi-akis-turbin-guruplari","7":"product_tag-baymak-akis","8":"product_tag-baymak-akis-turbini-pirinc","9":"product_tag-eca-protherm-kombi-akis-turbin-seti","10":"product_tag-pirinc-akis-turbini-yayli","12":"first","13":"outofstock","14":"shipping-taxable","15":"purchasable","16":"product-type-simple"},"yasr_visitor_votes":{"stars_attributes":{"read_only":false,"span_bottom":false},"number_of_votes":1,"sum_votes":5},"_links":{"self":[{"href":"https:\/\/www.malatyayedekparca.com\/index.php\/wp-json\/wp\/v2\/product\/5096"}],"collection":[{"href":"https:\/\/www.malatyayedekparca.com\/index.php\/wp-json\/wp\/v2\/product"}],"about":[{"href":"https:\/\/www.malatyayedekparca.com\/index.php\/wp-json\/wp\/v2\/types\/product"}],"replies":[{"embeddable":true,"href":"https:\/\/www.malatyayedekparca.com\/index.php\/wp-json\/wp\/v2\/comments?post=5096"}],"wp:featuredmedia":[{"embeddable":true,"href":"https:\/\/www.malatyayedekparca.com\/index.php\/wp-json\/wp\/v2\/media\/5185"}],"wp:attachment":[{"href":"https:\/\/www.malatyayedekparca.com\/index.php\/wp-json\/wp\/v2\/media?parent=5096"}],"wp:term":[{"taxonomy":"product_cat","embeddable":true,"href":"https:\/\/www.malatyayedekparca.com\/index.php\/wp-json\/wp\/v2\/product_cat?post=5096"},{"taxonomy":"product_tag","embeddable":true,"href":"https:\/\/www.malatyayedekparca.com\/index.php\/wp-json\/wp\/v2\/product_tag?post=5096"}],"curies":[{"name":"wp","href":"https:\/\/api.w.org\/{rel}","templated":true}]}}