{"id":5109,"date":"2021-09-27T01:20:15","date_gmt":"2021-09-26T22:20:15","guid":{"rendered":"https:\/\/www.malatyayedekparca.com\/?post_type=product&#038;p=5109"},"modified":"2024-10-05T15:53:19","modified_gmt":"2024-10-05T12:53:19","slug":"vaillant-kombi-akis-turbini","status":"publish","type":"product","link":"https:\/\/www.malatyayedekparca.com\/index.php\/urun\/vaillant-kombi-akis-turbini\/","title":{"rendered":"vaillant kombi ak\u0131\u015f t\u00fcrbini"},"content":{"rendered":"<div style='text-align:right' class='yasr-auto-insert-visitor'><\/div><p>vaillant kombi ak\u0131\u015f t\u00fcrbini\u00a0 conta ve sekman i\u00e7indedir<\/p>\n","protected":false},"excerpt":{"rendered":"<p>vaillant kombi ak\u0131\u015f t\u00fcrbini\u00a0 conta ve sekman i\u00e7indedir<\/p>\n","protected":false},"featured_media":5181,"comment_status":"open","ping_status":"closed","template":"","meta":{"yasr_overall_rating":0,"yasr_post_is_review":"","yasr_auto_insert_disabled":"","yasr_review_type":""},"product_cat":[945],"product_tag":[902,256,901,903],"class_list":{"0":"post-5109","1":"product","2":"type-product","3":"status-publish","4":"has-post-thumbnail","6":"product_cat-kombi-akis-turbin-guruplari","7":"product_tag-akis-turbini-vaillan","8":"product_tag-vaillant-akis-turbini","9":"product_tag-vaillant-kombi-akis-turbini","10":"product_tag-vaillant-sicak-su-akis-turbini","12":"first","13":"instock","14":"shipping-taxable","15":"purchasable","16":"product-type-simple"},"yasr_visitor_votes":{"stars_attributes":{"read_only":false,"span_bottom":false},"number_of_votes":0,"sum_votes":0},"_links":{"self":[{"href":"https:\/\/www.malatyayedekparca.com\/index.php\/wp-json\/wp\/v2\/product\/5109"}],"collection":[{"href":"https:\/\/www.malatyayedekparca.com\/index.php\/wp-json\/wp\/v2\/product"}],"about":[{"href":"https:\/\/www.malatyayedekparca.com\/index.php\/wp-json\/wp\/v2\/types\/product"}],"replies":[{"embeddable":true,"href":"https:\/\/www.malatyayedekparca.com\/index.php\/wp-json\/wp\/v2\/comments?post=5109"}],"wp:featuredmedia":[{"embeddable":true,"href":"https:\/\/www.malatyayedekparca.com\/index.php\/wp-json\/wp\/v2\/media\/5181"}],"wp:attachment":[{"href":"https:\/\/www.malatyayedekparca.com\/index.php\/wp-json\/wp\/v2\/media?parent=5109"}],"wp:term":[{"taxonomy":"product_cat","embeddable":true,"href":"https:\/\/www.malatyayedekparca.com\/index.php\/wp-json\/wp\/v2\/product_cat?post=5109"},{"taxonomy":"product_tag","embeddable":true,"href":"https:\/\/www.malatyayedekparca.com\/index.php\/wp-json\/wp\/v2\/product_tag?post=5109"}],"curies":[{"name":"wp","href":"https:\/\/api.w.org\/{rel}","templated":true}]}}