{"id":5112,"date":"2021-09-27T01:52:35","date_gmt":"2021-09-26T22:52:35","guid":{"rendered":"https:\/\/www.malatyayedekparca.com\/?post_type=product&#038;p=5112"},"modified":"2024-10-05T15:53:03","modified_gmt":"2024-10-05T12:53:03","slug":"akis-salteri-rekorsuz-bitron","status":"publish","type":"product","link":"https:\/\/www.malatyayedekparca.com\/index.php\/urun\/akis-salteri-rekorsuz-bitron\/","title":{"rendered":"ak\u0131\u015f \u015falteri rekorsuz gte orjinal italyan"},"content":{"rendered":"<div style='text-align:right' class='yasr-auto-insert-visitor'><\/div><p>Ak\u0131\u015f \u015ealteri GTE\u00a0 Marka Orjinal italyan<\/p>\n<p>Ferroli Uyumlu bir \u00e7ok Kombiye uyumludur<\/p>\n","protected":false},"excerpt":{"rendered":"<p>Ak\u0131\u015f \u015ealteri GTE\u00a0 Marka Orjinal italyan Ferroli Uyumlu bir \u00e7ok Kombiye uyumludur<\/p>\n","protected":false},"featured_media":5179,"comment_status":"open","ping_status":"closed","template":"","meta":{"yasr_overall_rating":0,"yasr_post_is_review":"","yasr_auto_insert_disabled":"","yasr_review_type":""},"product_cat":[947],"product_tag":[245,976,904,927],"class_list":{"0":"post-5112","1":"product","2":"type-product","3":"status-publish","4":"has-post-thumbnail","6":"product_cat-kombi-akis-salterleri","7":"product_tag-akis-salteri","8":"product_tag-akis-salteri-rekorsuz-gte-orjinal-italyan","9":"product_tag-ferroli-akis-salteri","10":"product_tag-kombi-akis-salteri-rekorsuz-gte-italyan","12":"first","13":"instock","14":"shipping-taxable","15":"purchasable","16":"product-type-simple"},"yasr_visitor_votes":{"stars_attributes":{"read_only":false,"span_bottom":false},"number_of_votes":0,"sum_votes":0},"_links":{"self":[{"href":"https:\/\/www.malatyayedekparca.com\/index.php\/wp-json\/wp\/v2\/product\/5112"}],"collection":[{"href":"https:\/\/www.malatyayedekparca.com\/index.php\/wp-json\/wp\/v2\/product"}],"about":[{"href":"https:\/\/www.malatyayedekparca.com\/index.php\/wp-json\/wp\/v2\/types\/product"}],"replies":[{"embeddable":true,"href":"https:\/\/www.malatyayedekparca.com\/index.php\/wp-json\/wp\/v2\/comments?post=5112"}],"wp:featuredmedia":[{"embeddable":true,"href":"https:\/\/www.malatyayedekparca.com\/index.php\/wp-json\/wp\/v2\/media\/5179"}],"wp:attachment":[{"href":"https:\/\/www.malatyayedekparca.com\/index.php\/wp-json\/wp\/v2\/media?parent=5112"}],"wp:term":[{"taxonomy":"product_cat","embeddable":true,"href":"https:\/\/www.malatyayedekparca.com\/index.php\/wp-json\/wp\/v2\/product_cat?post=5112"},{"taxonomy":"product_tag","embeddable":true,"href":"https:\/\/www.malatyayedekparca.com\/index.php\/wp-json\/wp\/v2\/product_tag?post=5112"}],"curies":[{"name":"wp","href":"https:\/\/api.w.org\/{rel}","templated":true}]}}