{"id":5159,"date":"2021-10-01T03:57:44","date_gmt":"2021-10-01T00:57:44","guid":{"rendered":"https:\/\/www.malatyayedekparca.com\/?post_type=product&#038;p=5159"},"modified":"2024-10-05T15:51:24","modified_gmt":"2024-10-05T12:51:24","slug":"grundfos-pompa-blogu-aden-kalisto","status":"publish","type":"product","link":"https:\/\/www.malatyayedekparca.com\/index.php\/urun\/grundfos-pompa-blogu-aden-kalisto\/","title":{"rendered":"GRUNDFOS Pompa Blo\u011fu Aden- KALISTO"},"content":{"rendered":"<div style='text-align:right' class='yasr-auto-insert-visitor'><\/div><p>GRUNDFOS Pompa Blo\u011fu Aden- KALISTO<\/p>\n","protected":false},"excerpt":{"rendered":"<div class=\"w-post-elm product_field attributes\">\n<div class=\"woocommerce-product-attributes-item--attribute_pa_uyumlu-marka-ve-modeller\"><span class=\"w-post-elm-before\">Uyumlu Marka ve Modeller:\u00a0<\/span><span class=\"woocommerce-product-attributes-item__value\">\u00c7E\u015e\u0130TL\u0130 MARKA VE MODELLER, GRUNDFOS FOR, KSL<\/span><\/div>\n<\/div>\n","protected":false},"featured_media":5161,"comment_status":"open","ping_status":"closed","template":"","meta":{"yasr_overall_rating":0,"yasr_post_is_review":"","yasr_auto_insert_disabled":"","yasr_review_type":""},"product_cat":[950],"product_tag":[973],"class_list":{"0":"post-5159","1":"product","2":"type-product","3":"status-publish","4":"has-post-thumbnail","6":"product_cat-kombi-sirkulasyon-pompa-salyangozlari","7":"product_tag-grundfos-pompa-blogu-aden-kalisto","9":"first","10":"instock","11":"shipping-taxable","12":"purchasable","13":"product-type-simple"},"yasr_visitor_votes":{"stars_attributes":{"read_only":false,"span_bottom":false},"number_of_votes":2,"sum_votes":10},"_links":{"self":[{"href":"https:\/\/www.malatyayedekparca.com\/index.php\/wp-json\/wp\/v2\/product\/5159"}],"collection":[{"href":"https:\/\/www.malatyayedekparca.com\/index.php\/wp-json\/wp\/v2\/product"}],"about":[{"href":"https:\/\/www.malatyayedekparca.com\/index.php\/wp-json\/wp\/v2\/types\/product"}],"replies":[{"embeddable":true,"href":"https:\/\/www.malatyayedekparca.com\/index.php\/wp-json\/wp\/v2\/comments?post=5159"}],"wp:featuredmedia":[{"embeddable":true,"href":"https:\/\/www.malatyayedekparca.com\/index.php\/wp-json\/wp\/v2\/media\/5161"}],"wp:attachment":[{"href":"https:\/\/www.malatyayedekparca.com\/index.php\/wp-json\/wp\/v2\/media?parent=5159"}],"wp:term":[{"taxonomy":"product_cat","embeddable":true,"href":"https:\/\/www.malatyayedekparca.com\/index.php\/wp-json\/wp\/v2\/product_cat?post=5159"},{"taxonomy":"product_tag","embeddable":true,"href":"https:\/\/www.malatyayedekparca.com\/index.php\/wp-json\/wp\/v2\/product_tag?post=5159"}],"curies":[{"name":"wp","href":"https:\/\/api.w.org\/{rel}","templated":true}]}}