{"id":5209,"date":"2021-10-02T16:22:35","date_gmt":"2021-10-02T13:22:35","guid":{"rendered":"https:\/\/www.malatyayedekparca.com\/?post_type=product&#038;p=5209"},"modified":"2023-12-11T17:21:48","modified_gmt":"2023-12-11T14:21:48","slug":"demirdokum-aden-kalisto-soguk-su-giris-blok","status":"publish","type":"product","link":"https:\/\/www.malatyayedekparca.com\/index.php\/urun\/demirdokum-aden-kalisto-soguk-su-giris-blok\/","title":{"rendered":"Demird\u00f6k\u00fcm Aden Kalisto Soguk Su Giri\u015f Blok"},"content":{"rendered":"<div style='text-align:right' class='yasr-auto-insert-visitor'><\/div><p>Demird\u00f6k\u00fcm Aden Kalisto Soguk Su Giri\u015f Blok<\/p>\n","protected":false},"excerpt":{"rendered":"<p>Demird\u00f6k\u00fcm Aden Kalisto Soguk Su Giri\u015f Blok<\/p>\n","protected":false},"featured_media":5210,"comment_status":"open","ping_status":"closed","template":"","meta":{"yasr_overall_rating":0,"yasr_post_is_review":"","yasr_auto_insert_disabled":"","yasr_review_type":""},"product_cat":[949],"product_tag":[987,986,988],"class_list":{"0":"post-5209","1":"product","2":"type-product","3":"status-publish","4":"has-post-thumbnail","6":"product_cat-kombi-3-yollu-grup-cesitleri","7":"product_tag-aden-soguk-su-giris","8":"product_tag-demirdokum-aden-kalisto-soguk-su-giris-blok","9":"product_tag-demirdokum-kalisto-soguk-su-giris-blogu","11":"first","12":"outofstock","13":"shipping-taxable","14":"purchasable","15":"product-type-simple"},"yasr_visitor_votes":{"stars_attributes":{"read_only":false,"span_bottom":false},"number_of_votes":0,"sum_votes":0},"_links":{"self":[{"href":"https:\/\/www.malatyayedekparca.com\/index.php\/wp-json\/wp\/v2\/product\/5209"}],"collection":[{"href":"https:\/\/www.malatyayedekparca.com\/index.php\/wp-json\/wp\/v2\/product"}],"about":[{"href":"https:\/\/www.malatyayedekparca.com\/index.php\/wp-json\/wp\/v2\/types\/product"}],"replies":[{"embeddable":true,"href":"https:\/\/www.malatyayedekparca.com\/index.php\/wp-json\/wp\/v2\/comments?post=5209"}],"wp:featuredmedia":[{"embeddable":true,"href":"https:\/\/www.malatyayedekparca.com\/index.php\/wp-json\/wp\/v2\/media\/5210"}],"wp:attachment":[{"href":"https:\/\/www.malatyayedekparca.com\/index.php\/wp-json\/wp\/v2\/media?parent=5209"}],"wp:term":[{"taxonomy":"product_cat","embeddable":true,"href":"https:\/\/www.malatyayedekparca.com\/index.php\/wp-json\/wp\/v2\/product_cat?post=5209"},{"taxonomy":"product_tag","embeddable":true,"href":"https:\/\/www.malatyayedekparca.com\/index.php\/wp-json\/wp\/v2\/product_tag?post=5209"}],"curies":[{"name":"wp","href":"https:\/\/api.w.org\/{rel}","templated":true}]}}