{"id":5234,"date":"2021-10-02T16:57:49","date_gmt":"2021-10-02T13:57:49","guid":{"rendered":"https:\/\/www.malatyayedekparca.com\/?post_type=product&#038;p=5234"},"modified":"2025-10-19T22:43:53","modified_gmt":"2025-10-19T19:43:53","slug":"viessman-sol-grup","status":"publish","type":"product","link":"https:\/\/www.malatyayedekparca.com\/index.php\/urun\/viessman-sol-grup\/","title":{"rendered":"viessman sol grup"},"content":{"rendered":"<div style='text-align:right' class='yasr-auto-insert-visitor'><\/div><p>viessman sol grup s\u0131f\u0131r cihaz s\u00f6kme vana motoru i\u00e7 tak\u0131m\u0131 \u00fczerinde<\/p>\n<p>S\u0131f\u0131r Cihazdan S\u00f6k\u00fcm Vana Motoru \u00dczerindedir<\/p>\n","protected":false},"excerpt":{"rendered":"<p>viessman sol grup s\u0131f\u0131r cihaz s\u00f6kme vana motoru i\u00e7 tak\u0131m\u0131 \u00fczerinde S\u0131f\u0131r Cihazdan S\u00f6k\u00fcm Vana Motoru \u00dczerindedir<\/p>\n","protected":false},"featured_media":5235,"comment_status":"open","ping_status":"closed","template":"","meta":{"yasr_overall_rating":0,"yasr_post_is_review":"","yasr_auto_insert_disabled":"","yasr_review_type":""},"product_cat":[949],"product_tag":[1002],"class_list":{"0":"post-5234","1":"product","2":"type-product","3":"status-publish","4":"has-post-thumbnail","6":"product_cat-kombi-3-yollu-grup-cesitleri","7":"product_tag-viessman-sol-grup","9":"first","10":"outofstock","11":"shipping-taxable","12":"purchasable","13":"product-type-simple"},"yasr_visitor_votes":{"stars_attributes":{"read_only":false,"span_bottom":false},"number_of_votes":3,"sum_votes":15},"_links":{"self":[{"href":"https:\/\/www.malatyayedekparca.com\/index.php\/wp-json\/wp\/v2\/product\/5234"}],"collection":[{"href":"https:\/\/www.malatyayedekparca.com\/index.php\/wp-json\/wp\/v2\/product"}],"about":[{"href":"https:\/\/www.malatyayedekparca.com\/index.php\/wp-json\/wp\/v2\/types\/product"}],"replies":[{"embeddable":true,"href":"https:\/\/www.malatyayedekparca.com\/index.php\/wp-json\/wp\/v2\/comments?post=5234"}],"wp:featuredmedia":[{"embeddable":true,"href":"https:\/\/www.malatyayedekparca.com\/index.php\/wp-json\/wp\/v2\/media\/5235"}],"wp:attachment":[{"href":"https:\/\/www.malatyayedekparca.com\/index.php\/wp-json\/wp\/v2\/media?parent=5234"}],"wp:term":[{"taxonomy":"product_cat","embeddable":true,"href":"https:\/\/www.malatyayedekparca.com\/index.php\/wp-json\/wp\/v2\/product_cat?post=5234"},{"taxonomy":"product_tag","embeddable":true,"href":"https:\/\/www.malatyayedekparca.com\/index.php\/wp-json\/wp\/v2\/product_tag?post=5234"}],"curies":[{"name":"wp","href":"https:\/\/api.w.org\/{rel}","templated":true}]}}