{"id":5334,"date":"2023-02-04T14:16:35","date_gmt":"2023-02-04T11:16:35","guid":{"rendered":"https:\/\/www.malatyayedekparca.com\/?post_type=product&#038;p=5334"},"modified":"2023-12-11T16:44:52","modified_gmt":"2023-12-11T13:44:52","slug":"bitron-akis-salteri","status":"publish","type":"product","link":"https:\/\/www.malatyayedekparca.com\/index.php\/urun\/bitron-akis-salteri\/","title":{"rendered":"Bitron Ak\u0131\u015f \u015falteri"},"content":{"rendered":"<div style='text-align:right' class='yasr-auto-insert-visitor'><\/div><p>bitron ak\u0131\u015f \u015falteri<\/p>\n<p>ferroli demird\u00f6k\u00fcm ve bir cok kombi ve \u015fofben&#8217;e uyumludur orjinal \u00fcr\u00fcn<\/p>\n","protected":false},"excerpt":{"rendered":"<p>bitron ak\u0131\u015f \u015falteri ferroli demird\u00f6k\u00fcm ve bir cok kombi ve \u015fofben&#8217;e uyumludur orjinal \u00fcr\u00fcn<\/p>\n","protected":false},"featured_media":5335,"comment_status":"open","ping_status":"closed","template":"","meta":{"yasr_overall_rating":0,"yasr_post_is_review":"","yasr_auto_insert_disabled":"","yasr_review_type":""},"product_cat":[947],"product_tag":[1014,1013,1015,904,1016],"class_list":{"0":"post-5334","1":"product","2":"type-product","3":"status-publish","4":"has-post-thumbnail","6":"product_cat-kombi-akis-salterleri","7":"product_tag-bitron","8":"product_tag-bitron-akis-salteri","9":"product_tag-demirdokum-akis-salteri","10":"product_tag-ferroli-akis-salteri","11":"product_tag-vaillant-akis-salteri","13":"first","14":"outofstock","15":"shipping-taxable","16":"purchasable","17":"product-type-simple"},"yasr_visitor_votes":{"stars_attributes":{"read_only":false,"span_bottom":false},"number_of_votes":2,"sum_votes":10},"_links":{"self":[{"href":"https:\/\/www.malatyayedekparca.com\/index.php\/wp-json\/wp\/v2\/product\/5334"}],"collection":[{"href":"https:\/\/www.malatyayedekparca.com\/index.php\/wp-json\/wp\/v2\/product"}],"about":[{"href":"https:\/\/www.malatyayedekparca.com\/index.php\/wp-json\/wp\/v2\/types\/product"}],"replies":[{"embeddable":true,"href":"https:\/\/www.malatyayedekparca.com\/index.php\/wp-json\/wp\/v2\/comments?post=5334"}],"wp:featuredmedia":[{"embeddable":true,"href":"https:\/\/www.malatyayedekparca.com\/index.php\/wp-json\/wp\/v2\/media\/5335"}],"wp:attachment":[{"href":"https:\/\/www.malatyayedekparca.com\/index.php\/wp-json\/wp\/v2\/media?parent=5334"}],"wp:term":[{"taxonomy":"product_cat","embeddable":true,"href":"https:\/\/www.malatyayedekparca.com\/index.php\/wp-json\/wp\/v2\/product_cat?post=5334"},{"taxonomy":"product_tag","embeddable":true,"href":"https:\/\/www.malatyayedekparca.com\/index.php\/wp-json\/wp\/v2\/product_tag?post=5334"}],"curies":[{"name":"wp","href":"https:\/\/api.w.org\/{rel}","templated":true}]}}