{"id":568,"date":"2020-03-22T14:50:50","date_gmt":"2020-03-22T11:50:50","guid":{"rendered":"https:\/\/www.malatyayedekparca.com\/index.php\/urun\/import-placeholder-for-5111\/"},"modified":"2024-03-30T15:38:41","modified_gmt":"2024-03-30T12:38:41","slug":"vaillant-turbotech-plastik-3-yollu-ic-tamir-takimi","status":"publish","type":"product","link":"https:\/\/www.malatyayedekparca.com\/index.php\/urun\/vaillant-turbotech-plastik-3-yollu-ic-tamir-takimi\/","title":{"rendered":"Vaillant turbotech plastik 3 yollu i\u00e7 tamir tak\u0131m\u0131"},"content":{"rendered":"<div style='text-align:right' class='yasr-auto-insert-visitor'><\/div><p>Vaillant turbotech plastik 3 yollu i\u00e7 tamir tak\u0131m\u0131<\/p>\n<p>vaillant kombi 3 yollu hidrolik gurup i\u00e7 tak\u0131m\u0131d\u0131r gurubun resm\u0131 temsilidir sadece i\u00e7 tak\u0131md\u0131r<\/p>\n<p>siyah plastik gurubun i\u00e7 tak\u0131m\u0131d\u0131r<\/p>\n","protected":false},"excerpt":{"rendered":"<p>Vaillant turbotech plastik 3 yollu i\u00e7 tamir tak\u0131m\u0131 vaillant kombi 3 yollu hidrolik gurup i\u00e7 tak\u0131m\u0131d\u0131r gurubun resm\u0131 temsilidir sadece i\u00e7 tak\u0131md\u0131r siyah plastik gurubun i\u00e7 tak\u0131m\u0131d\u0131r<\/p>\n","protected":false},"featured_media":80,"comment_status":"open","ping_status":"closed","template":"","meta":{"yasr_overall_rating":0,"yasr_post_is_review":"","yasr_auto_insert_disabled":"","yasr_review_type":""},"product_cat":[956],"product_tag":[],"class_list":{"0":"post-568","1":"product","2":"type-product","3":"status-publish","4":"has-post-thumbnail","6":"product_cat-kombi-tamir-takimlari-ve-baglanti-parcalari","8":"first","9":"outofstock","10":"shipping-taxable","11":"purchasable","12":"product-type-simple"},"yasr_visitor_votes":{"stars_attributes":{"read_only":false,"span_bottom":false},"number_of_votes":1,"sum_votes":5},"_links":{"self":[{"href":"https:\/\/www.malatyayedekparca.com\/index.php\/wp-json\/wp\/v2\/product\/568"}],"collection":[{"href":"https:\/\/www.malatyayedekparca.com\/index.php\/wp-json\/wp\/v2\/product"}],"about":[{"href":"https:\/\/www.malatyayedekparca.com\/index.php\/wp-json\/wp\/v2\/types\/product"}],"replies":[{"embeddable":true,"href":"https:\/\/www.malatyayedekparca.com\/index.php\/wp-json\/wp\/v2\/comments?post=568"}],"wp:featuredmedia":[{"embeddable":true,"href":"https:\/\/www.malatyayedekparca.com\/index.php\/wp-json\/wp\/v2\/media\/80"}],"wp:attachment":[{"href":"https:\/\/www.malatyayedekparca.com\/index.php\/wp-json\/wp\/v2\/media?parent=568"}],"wp:term":[{"taxonomy":"product_cat","embeddable":true,"href":"https:\/\/www.malatyayedekparca.com\/index.php\/wp-json\/wp\/v2\/product_cat?post=568"},{"taxonomy":"product_tag","embeddable":true,"href":"https:\/\/www.malatyayedekparca.com\/index.php\/wp-json\/wp\/v2\/product_tag?post=568"}],"curies":[{"name":"wp","href":"https:\/\/api.w.org\/{rel}","templated":true}]}}