{"id":571,"date":"2020-03-22T14:50:50","date_gmt":"2020-03-22T11:50:50","guid":{"rendered":"https:\/\/www.malatyayedekparca.com\/index.php\/urun\/import-placeholder-for-5124\/"},"modified":"2024-03-30T15:38:30","modified_gmt":"2024-03-30T12:38:30","slug":"demirdokum-fan-aden-kalisto","status":"publish","type":"product","link":"https:\/\/www.malatyayedekparca.com\/index.php\/urun\/demirdokum-fan-aden-kalisto\/","title":{"rendered":"Demird\u00f6kum fan aden kalisto"},"content":{"rendered":"<div style='text-align:right' class='yasr-auto-insert-visitor'><\/div><p>Demird\u00f6k\u00fcm kombi fan<\/p>\n<p>kalisto ve aden ve baz\u0131 cihazlara uygundur<\/p>\n<p>MARKA: F\u0130ME POLSKA 48 W<\/p>\n","protected":false},"excerpt":{"rendered":"<p>Demird\u00f6k\u00fcm kombi fan kalisto ve aden ve baz\u0131 cihazlara uygundur MARKA: F\u0130ME POLSKA 48 W<\/p>\n","protected":false},"featured_media":89,"comment_status":"open","ping_status":"closed","template":"","meta":{"yasr_overall_rating":0,"yasr_post_is_review":"","yasr_auto_insert_disabled":"","yasr_review_type":""},"product_cat":[951],"product_tag":[37,38,39,40],"class_list":{"0":"post-571","1":"product","2":"type-product","3":"status-publish","4":"has-post-thumbnail","6":"product_cat-kombi-fanlari","7":"product_tag-demirdokum-aden-fan","8":"product_tag-demirdokum-kalisto-fan","9":"product_tag-demirdokum-kombi-fan","10":"product_tag-kombi-hava-fani","12":"first","13":"outofstock","14":"shipping-taxable","15":"purchasable","16":"product-type-simple"},"yasr_visitor_votes":{"stars_attributes":{"read_only":false,"span_bottom":false},"number_of_votes":1,"sum_votes":5},"_links":{"self":[{"href":"https:\/\/www.malatyayedekparca.com\/index.php\/wp-json\/wp\/v2\/product\/571"}],"collection":[{"href":"https:\/\/www.malatyayedekparca.com\/index.php\/wp-json\/wp\/v2\/product"}],"about":[{"href":"https:\/\/www.malatyayedekparca.com\/index.php\/wp-json\/wp\/v2\/types\/product"}],"replies":[{"embeddable":true,"href":"https:\/\/www.malatyayedekparca.com\/index.php\/wp-json\/wp\/v2\/comments?post=571"}],"wp:featuredmedia":[{"embeddable":true,"href":"https:\/\/www.malatyayedekparca.com\/index.php\/wp-json\/wp\/v2\/media\/89"}],"wp:attachment":[{"href":"https:\/\/www.malatyayedekparca.com\/index.php\/wp-json\/wp\/v2\/media?parent=571"}],"wp:term":[{"taxonomy":"product_cat","embeddable":true,"href":"https:\/\/www.malatyayedekparca.com\/index.php\/wp-json\/wp\/v2\/product_cat?post=571"},{"taxonomy":"product_tag","embeddable":true,"href":"https:\/\/www.malatyayedekparca.com\/index.php\/wp-json\/wp\/v2\/product_tag?post=571"}],"curies":[{"name":"wp","href":"https:\/\/api.w.org\/{rel}","templated":true}]}}