{"id":572,"date":"2020-03-22T14:50:51","date_gmt":"2020-03-22T11:50:51","guid":{"rendered":"https:\/\/www.malatyayedekparca.com\/index.php\/urun\/import-placeholder-for-5136\/"},"modified":"2023-12-11T17:19:43","modified_gmt":"2023-12-11T14:19:43","slug":"baymak-luna5-eca-calora-airfel-baca-fan","status":"publish","type":"product","link":"https:\/\/www.malatyayedekparca.com\/index.php\/urun\/baymak-luna5-eca-calora-airfel-baca-fan\/","title":{"rendered":"BAYMAK LUNA5-ECA CALORA-A\u0130RFEL BACA FAN"},"content":{"rendered":"<div style='text-align:right' class='yasr-auto-insert-visitor'><\/div><p>Baymak luna 5 Eca colara airfell baca fan\u0131<\/p>\n<p>kombi fanlar\u0131 sifir \u00fcr\u00fcnd\u00fcr<\/p>\n","protected":false},"excerpt":{"rendered":"<p>Baymak luna 5 Eca colara airfell baca fan\u0131 kombi fanlar\u0131 sifir \u00fcr\u00fcnd\u00fcr<\/p>\n","protected":false},"featured_media":92,"comment_status":"open","ping_status":"closed","template":"","meta":{"yasr_overall_rating":0,"yasr_post_is_review":"","yasr_auto_insert_disabled":"","yasr_review_type":""},"product_cat":[951],"product_tag":[42,43,44,45,46,47,48,49,50,51],"class_list":{"0":"post-572","1":"product","2":"type-product","3":"status-publish","4":"has-post-thumbnail","6":"product_cat-kombi-fanlari","7":"product_tag-airfel-kombi","8":"product_tag-airfell-kombi-fa","9":"product_tag-baymak-fan","10":"product_tag-baymak-kombi-fani","11":"product_tag-baymak-luna-5-kombi-fani","12":"product_tag-eca-colara-kombi-fani","13":"product_tag-eca-kombi-fan","14":"product_tag-eca-kombi-fani","15":"product_tag-fan-immergas","16":"product_tag-immergas-kombi-fan","18":"first","19":"outofstock","20":"taxable","21":"shipping-taxable","22":"purchasable","23":"product-type-simple"},"yasr_visitor_votes":{"stars_attributes":{"read_only":false,"span_bottom":false},"number_of_votes":1,"sum_votes":5},"_links":{"self":[{"href":"https:\/\/www.malatyayedekparca.com\/index.php\/wp-json\/wp\/v2\/product\/572"}],"collection":[{"href":"https:\/\/www.malatyayedekparca.com\/index.php\/wp-json\/wp\/v2\/product"}],"about":[{"href":"https:\/\/www.malatyayedekparca.com\/index.php\/wp-json\/wp\/v2\/types\/product"}],"replies":[{"embeddable":true,"href":"https:\/\/www.malatyayedekparca.com\/index.php\/wp-json\/wp\/v2\/comments?post=572"}],"wp:featuredmedia":[{"embeddable":true,"href":"https:\/\/www.malatyayedekparca.com\/index.php\/wp-json\/wp\/v2\/media\/92"}],"wp:attachment":[{"href":"https:\/\/www.malatyayedekparca.com\/index.php\/wp-json\/wp\/v2\/media?parent=572"}],"wp:term":[{"taxonomy":"product_cat","embeddable":true,"href":"https:\/\/www.malatyayedekparca.com\/index.php\/wp-json\/wp\/v2\/product_cat?post=572"},{"taxonomy":"product_tag","embeddable":true,"href":"https:\/\/www.malatyayedekparca.com\/index.php\/wp-json\/wp\/v2\/product_tag?post=572"}],"curies":[{"name":"wp","href":"https:\/\/api.w.org\/{rel}","templated":true}]}}