{"id":574,"date":"2020-03-22T14:50:51","date_gmt":"2020-03-22T11:50:51","guid":{"rendered":"https:\/\/www.malatyayedekparca.com\/index.php\/urun\/import-placeholder-for-5203\/"},"modified":"2023-12-11T17:14:39","modified_gmt":"2023-12-11T14:14:39","slug":"ntc-daldirma-tip-sensor","status":"publish","type":"product","link":"https:\/\/www.malatyayedekparca.com\/index.php\/urun\/ntc-daldirma-tip-sensor\/","title":{"rendered":"Ntc dald\u0131rma tip sens\u00f6r"},"content":{"rendered":"<div style='text-align:right' class='yasr-auto-insert-visitor'><\/div><p>NTC SENSOR DALDIRMA TIPI T.K<\/p>\n<p>baymak demirdokum protherm cihazlarda kulan\u0131lan tip dald\u0131rma sens\u00f6r\u00fc<\/p>\n","protected":false},"excerpt":{"rendered":"<p>NTC SENSOR DALDIRMA TIPI T.K baymak demirdokum protherm cihazlarda kulan\u0131lan tip dald\u0131rma sens\u00f6r\u00fc<\/p>\n","protected":false},"featured_media":103,"comment_status":"open","ping_status":"closed","template":"","meta":{"yasr_overall_rating":0,"yasr_post_is_review":"","yasr_auto_insert_disabled":"","yasr_review_type":""},"product_cat":[943],"product_tag":[57,58,59,60,61,62,63],"class_list":{"0":"post-574","1":"product","2":"type-product","3":"status-publish","4":"has-post-thumbnail","6":"product_cat-kombi-ntc-sensorleri","7":"product_tag-baymak-daldirma-sensoru","8":"product_tag-daldirma-sensorleri","9":"product_tag-daldirma-sensoru","10":"product_tag-demirdokum-daldirma-sensoru","11":"product_tag-kombi-sensor","12":"product_tag-protherm-daldirma-sensoru","13":"product_tag-sensor","15":"first","16":"outofstock","17":"shipping-taxable","18":"purchasable","19":"product-type-simple"},"yasr_visitor_votes":{"stars_attributes":{"read_only":false,"span_bottom":false},"number_of_votes":1,"sum_votes":5},"_links":{"self":[{"href":"https:\/\/www.malatyayedekparca.com\/index.php\/wp-json\/wp\/v2\/product\/574"}],"collection":[{"href":"https:\/\/www.malatyayedekparca.com\/index.php\/wp-json\/wp\/v2\/product"}],"about":[{"href":"https:\/\/www.malatyayedekparca.com\/index.php\/wp-json\/wp\/v2\/types\/product"}],"replies":[{"embeddable":true,"href":"https:\/\/www.malatyayedekparca.com\/index.php\/wp-json\/wp\/v2\/comments?post=574"}],"wp:featuredmedia":[{"embeddable":true,"href":"https:\/\/www.malatyayedekparca.com\/index.php\/wp-json\/wp\/v2\/media\/103"}],"wp:attachment":[{"href":"https:\/\/www.malatyayedekparca.com\/index.php\/wp-json\/wp\/v2\/media?parent=574"}],"wp:term":[{"taxonomy":"product_cat","embeddable":true,"href":"https:\/\/www.malatyayedekparca.com\/index.php\/wp-json\/wp\/v2\/product_cat?post=574"},{"taxonomy":"product_tag","embeddable":true,"href":"https:\/\/www.malatyayedekparca.com\/index.php\/wp-json\/wp\/v2\/product_tag?post=574"}],"curies":[{"name":"wp","href":"https:\/\/api.w.org\/{rel}","templated":true}]}}