{"id":575,"date":"2020-03-22T14:50:51","date_gmt":"2020-03-22T11:50:51","guid":{"rendered":"https:\/\/www.malatyayedekparca.com\/index.php\/urun\/import-placeholder-for-5208\/"},"modified":"2023-12-11T17:11:47","modified_gmt":"2023-12-11T14:11:47","slug":"demirdokum-aden-kirmizi-daldirma-sensoru-ntc","status":"publish","type":"product","link":"https:\/\/www.malatyayedekparca.com\/index.php\/urun\/demirdokum-aden-kirmizi-daldirma-sensoru-ntc\/","title":{"rendered":"demird\u00f6k\u00fcm aden k\u0131rm\u0131z\u0131 dald\u0131rma sens\u00f6r\u00fc NTC"},"content":{"rendered":"<div style='text-align:right' class='yasr-auto-insert-visitor'><\/div><p>D.DOKUM ADEN KIRMIZI NTC<\/p>\n<p>demirdokum c\u0131hazlarda kullan\u0131lan k\u0131rm\u0131z\u0131 ntc sens\u00f6r\u00fc<\/p>\n","protected":false},"excerpt":{"rendered":"<p>D.DOKUM ADEN KIRMIZI NTC demirdokum c\u0131hazlarda kullan\u0131lan k\u0131rm\u0131z\u0131 ntc sens\u00f6r\u00fc<\/p>\n","protected":false},"featured_media":106,"comment_status":"open","ping_status":"closed","template":"","meta":{"yasr_overall_rating":0,"yasr_post_is_review":"","yasr_auto_insert_disabled":"","yasr_review_type":""},"product_cat":[943],"product_tag":[67,68,69,70],"class_list":{"0":"post-575","1":"product","2":"type-product","3":"status-publish","4":"has-post-thumbnail","6":"product_cat-kombi-ntc-sensorleri","7":"product_tag-demirdokum-kombi-ntc-sensor-kirmizi","8":"product_tag-demirdokum-sensor","9":"product_tag-demirdokum-sensor-kirmizi","10":"product_tag-ntc-demirdokum","12":"first","13":"outofstock","14":"shipping-taxable","15":"purchasable","16":"product-type-simple"},"yasr_visitor_votes":{"stars_attributes":{"read_only":false,"span_bottom":false},"number_of_votes":2,"sum_votes":10},"_links":{"self":[{"href":"https:\/\/www.malatyayedekparca.com\/index.php\/wp-json\/wp\/v2\/product\/575"}],"collection":[{"href":"https:\/\/www.malatyayedekparca.com\/index.php\/wp-json\/wp\/v2\/product"}],"about":[{"href":"https:\/\/www.malatyayedekparca.com\/index.php\/wp-json\/wp\/v2\/types\/product"}],"replies":[{"embeddable":true,"href":"https:\/\/www.malatyayedekparca.com\/index.php\/wp-json\/wp\/v2\/comments?post=575"}],"wp:featuredmedia":[{"embeddable":true,"href":"https:\/\/www.malatyayedekparca.com\/index.php\/wp-json\/wp\/v2\/media\/106"}],"wp:attachment":[{"href":"https:\/\/www.malatyayedekparca.com\/index.php\/wp-json\/wp\/v2\/media?parent=575"}],"wp:term":[{"taxonomy":"product_cat","embeddable":true,"href":"https:\/\/www.malatyayedekparca.com\/index.php\/wp-json\/wp\/v2\/product_cat?post=575"},{"taxonomy":"product_tag","embeddable":true,"href":"https:\/\/www.malatyayedekparca.com\/index.php\/wp-json\/wp\/v2\/product_tag?post=575"}],"curies":[{"name":"wp","href":"https:\/\/api.w.org\/{rel}","templated":true}]}}