{"id":601,"date":"2020-03-22T14:51:13","date_gmt":"2020-03-22T11:51:13","guid":{"rendered":"https:\/\/www.malatyayedekparca.com\/index.php\/urun\/import-placeholder-for-5335\/"},"modified":"2024-03-30T15:35:28","modified_gmt":"2024-03-30T12:35:28","slug":"genlesme-tanki-5-6-litre","status":"publish","type":"product","link":"https:\/\/www.malatyayedekparca.com\/index.php\/urun\/genlesme-tanki-5-6-litre\/","title":{"rendered":"Genle\u015fme tank\u0131 7 litre \u00fcniversal"},"content":{"rendered":"<div style='text-align:right' class='yasr-auto-insert-visitor'><\/div><h1>Z\u0130L\u0130O VA\u0130LLANT 50MM DAR UZUN 6LT 3\/8 H60<\/h1>\n<p>&nbsp;<\/p>\n","protected":false},"excerpt":{"rendered":"<p>Z\u0130L\u0130O VA\u0130LLANT 50MM DAR UZUN 6LT 3\/8 H60 &nbsp;<\/p>\n","protected":false},"featured_media":193,"comment_status":"open","ping_status":"closed","template":"","meta":{"yasr_overall_rating":0,"yasr_post_is_review":"","yasr_auto_insert_disabled":"","yasr_review_type":""},"product_cat":[959],"product_tag":[1007,197,198],"class_list":{"0":"post-601","1":"product","2":"type-product","3":"status-publish","4":"has-post-thumbnail","6":"product_cat-kombi-genlesme-tanklari","7":"product_tag-genlesme-tanki","8":"product_tag-kombi-genlesme-tanki","9":"product_tag-kombi-genlesme-tanklari","11":"first","12":"outofstock","13":"shipping-taxable","14":"purchasable","15":"product-type-simple"},"yasr_visitor_votes":{"stars_attributes":{"read_only":false,"span_bottom":false},"number_of_votes":0,"sum_votes":0},"_links":{"self":[{"href":"https:\/\/www.malatyayedekparca.com\/index.php\/wp-json\/wp\/v2\/product\/601"}],"collection":[{"href":"https:\/\/www.malatyayedekparca.com\/index.php\/wp-json\/wp\/v2\/product"}],"about":[{"href":"https:\/\/www.malatyayedekparca.com\/index.php\/wp-json\/wp\/v2\/types\/product"}],"replies":[{"embeddable":true,"href":"https:\/\/www.malatyayedekparca.com\/index.php\/wp-json\/wp\/v2\/comments?post=601"}],"wp:featuredmedia":[{"embeddable":true,"href":"https:\/\/www.malatyayedekparca.com\/index.php\/wp-json\/wp\/v2\/media\/193"}],"wp:attachment":[{"href":"https:\/\/www.malatyayedekparca.com\/index.php\/wp-json\/wp\/v2\/media?parent=601"}],"wp:term":[{"taxonomy":"product_cat","embeddable":true,"href":"https:\/\/www.malatyayedekparca.com\/index.php\/wp-json\/wp\/v2\/product_cat?post=601"},{"taxonomy":"product_tag","embeddable":true,"href":"https:\/\/www.malatyayedekparca.com\/index.php\/wp-json\/wp\/v2\/product_tag?post=601"}],"curies":[{"name":"wp","href":"https:\/\/api.w.org\/{rel}","templated":true}]}}