{"id":607,"date":"2020-03-22T14:51:13","date_gmt":"2020-03-22T11:51:13","guid":{"rendered":"https:\/\/www.malatyayedekparca.com\/index.php\/urun\/import-placeholder-for-5358\/"},"modified":"2023-12-11T17:16:22","modified_gmt":"2023-12-11T14:16:22","slug":"wilo-devir-daim-pompasi","status":"publish","type":"product","link":"https:\/\/www.malatyayedekparca.com\/index.php\/urun\/wilo-devir-daim-pompasi\/","title":{"rendered":"wilo devir daim pompas\u0131"},"content":{"rendered":"<div style='text-align:right' class='yasr-auto-insert-visitor'><\/div><p>\u00e7\u0131kma wilo pompa s\u0131f\u0131r gibi sirk\u00fclasyom pompa kasas\u0131 hasarl\u0131 cihazlardan s\u00f6kmedir<\/p>\n<p>&nbsp;<\/p>\n","protected":false},"excerpt":{"rendered":"<p>\u00e7\u0131kma wilo pompa s\u0131f\u0131r gibi sirk\u00fclasyom pompa kasas\u0131 hasarl\u0131 cihazlardan s\u00f6kmedir &nbsp;<\/p>\n","protected":false},"featured_media":210,"comment_status":"open","ping_status":"closed","template":"","meta":{"yasr_overall_rating":0,"yasr_post_is_review":"","yasr_auto_insert_disabled":"","yasr_review_type":"Product"},"product_cat":[15,920],"product_tag":[228,223,229,230,231],"class_list":{"0":"post-607","1":"product","2":"type-product","3":"status-publish","4":"has-post-thumbnail","6":"product_cat-diger-urunler","7":"product_cat-kombi-sirkulasyon-pompalar","8":"product_tag-kombi-devirdaim-pompa","9":"product_tag-kombi-pompasi-wilo","10":"product_tag-kombi-sirkulasyon-pompa","11":"product_tag-wilo-pomp","12":"product_tag-wilo-pompa","14":"first","15":"outofstock","16":"shipping-taxable","17":"purchasable","18":"product-type-simple"},"yasr_visitor_votes":{"stars_attributes":{"read_only":false,"span_bottom":false},"number_of_votes":1,"sum_votes":5},"_links":{"self":[{"href":"https:\/\/www.malatyayedekparca.com\/index.php\/wp-json\/wp\/v2\/product\/607"}],"collection":[{"href":"https:\/\/www.malatyayedekparca.com\/index.php\/wp-json\/wp\/v2\/product"}],"about":[{"href":"https:\/\/www.malatyayedekparca.com\/index.php\/wp-json\/wp\/v2\/types\/product"}],"replies":[{"embeddable":true,"href":"https:\/\/www.malatyayedekparca.com\/index.php\/wp-json\/wp\/v2\/comments?post=607"}],"wp:featuredmedia":[{"embeddable":true,"href":"https:\/\/www.malatyayedekparca.com\/index.php\/wp-json\/wp\/v2\/media\/210"}],"wp:attachment":[{"href":"https:\/\/www.malatyayedekparca.com\/index.php\/wp-json\/wp\/v2\/media?parent=607"}],"wp:term":[{"taxonomy":"product_cat","embeddable":true,"href":"https:\/\/www.malatyayedekparca.com\/index.php\/wp-json\/wp\/v2\/product_cat?post=607"},{"taxonomy":"product_tag","embeddable":true,"href":"https:\/\/www.malatyayedekparca.com\/index.php\/wp-json\/wp\/v2\/product_tag?post=607"}],"curies":[{"name":"wp","href":"https:\/\/api.w.org\/{rel}","templated":true}]}}