{"id":608,"date":"2020-03-22T14:51:14","date_gmt":"2020-03-22T11:51:14","guid":{"rendered":"https:\/\/www.malatyayedekparca.com\/index.php\/urun\/import-placeholder-for-5366\/"},"modified":"2023-12-11T17:16:17","modified_gmt":"2023-12-11T14:16:17","slug":"baymak-grup-komple-princ","status":"publish","type":"product","link":"https:\/\/www.malatyayedekparca.com\/index.php\/urun\/baymak-grup-komple-princ\/","title":{"rendered":"baymak grup komple prin\u00e7"},"content":{"rendered":"<div style='text-align:right' class='yasr-auto-insert-visitor'><\/div><p>baymak cihazlar i\u00e7in komple grup<\/p>\n<p>\u00fcr\u00fcn s\u0131f\u0131rd\u0131r sag sol gurup plaka esanjor komple<\/p>\n","protected":false},"excerpt":{"rendered":"<p>baymak cihazlar i\u00e7in komple grup \u00fcr\u00fcn s\u0131f\u0131rd\u0131r sag sol gurup plaka esanjor komple<\/p>\n","protected":false},"featured_media":217,"comment_status":"open","ping_status":"closed","template":"","meta":{"yasr_overall_rating":0,"yasr_post_is_review":"","yasr_auto_insert_disabled":"","yasr_review_type":"Product"},"product_cat":[949],"product_tag":[234,235,236,237],"class_list":{"0":"post-608","1":"product","2":"type-product","3":"status-publish","4":"has-post-thumbnail","6":"product_cat-kombi-3-yollu-grup-cesitleri","7":"product_tag-baymak-alt-gurup","8":"product_tag-baymak-hidrolik-gurup","9":"product_tag-baymak-sag-sol-pirinc-gurup","10":"product_tag-plaka-esanjor-gurup","12":"first","13":"outofstock","14":"taxable","15":"shipping-taxable","16":"purchasable","17":"product-type-simple"},"yasr_visitor_votes":{"stars_attributes":{"read_only":false,"span_bottom":false},"number_of_votes":2,"sum_votes":10},"_links":{"self":[{"href":"https:\/\/www.malatyayedekparca.com\/index.php\/wp-json\/wp\/v2\/product\/608"}],"collection":[{"href":"https:\/\/www.malatyayedekparca.com\/index.php\/wp-json\/wp\/v2\/product"}],"about":[{"href":"https:\/\/www.malatyayedekparca.com\/index.php\/wp-json\/wp\/v2\/types\/product"}],"replies":[{"embeddable":true,"href":"https:\/\/www.malatyayedekparca.com\/index.php\/wp-json\/wp\/v2\/comments?post=608"}],"wp:featuredmedia":[{"embeddable":true,"href":"https:\/\/www.malatyayedekparca.com\/index.php\/wp-json\/wp\/v2\/media\/217"}],"wp:attachment":[{"href":"https:\/\/www.malatyayedekparca.com\/index.php\/wp-json\/wp\/v2\/media?parent=608"}],"wp:term":[{"taxonomy":"product_cat","embeddable":true,"href":"https:\/\/www.malatyayedekparca.com\/index.php\/wp-json\/wp\/v2\/product_cat?post=608"},{"taxonomy":"product_tag","embeddable":true,"href":"https:\/\/www.malatyayedekparca.com\/index.php\/wp-json\/wp\/v2\/product_tag?post=608"}],"curies":[{"name":"wp","href":"https:\/\/api.w.org\/{rel}","templated":true}]}}