{"id":614,"date":"2020-03-22T14:51:14","date_gmt":"2020-03-22T11:51:14","guid":{"rendered":"https:\/\/www.malatyayedekparca.com\/index.php\/urun\/import-placeholder-for-5395\/"},"modified":"2024-03-30T15:34:52","modified_gmt":"2024-03-30T12:34:52","slug":"demirdokum-vinto-su-dolum-muslugu","status":"publish","type":"product","link":"https:\/\/www.malatyayedekparca.com\/index.php\/urun\/demirdokum-vinto-su-dolum-muslugu\/","title":{"rendered":"demird\u00f6k\u00fcm vinto su dolum muslu\u011fu"},"content":{"rendered":"<div style='text-align:right' class='yasr-auto-insert-visitor'><\/div><p>demid\u00f6k\u00fcm su dolum muslugu<\/p>\n","protected":false},"excerpt":{"rendered":"<p>demid\u00f6k\u00fcm su dolum muslugu<\/p>\n","protected":false},"featured_media":237,"comment_status":"open","ping_status":"closed","template":"","meta":{"yasr_overall_rating":0,"yasr_post_is_review":"","yasr_auto_insert_disabled":"","yasr_review_type":""},"product_cat":[955],"product_tag":[258,259,260,261],"class_list":{"0":"post-614","1":"product","2":"type-product","3":"status-publish","4":"has-post-thumbnail","6":"product_cat-kombi-doldurma-musluklari","7":"product_tag-demirdokum-vinto-musluk","8":"product_tag-demirdokum-vinto-su-dolum-muslugu","9":"product_tag-vinto-doldurma-muslugu","10":"product_tag-vinto-su-dolum","12":"first","13":"outofstock","14":"shipping-taxable","15":"purchasable","16":"product-type-simple"},"yasr_visitor_votes":{"stars_attributes":{"read_only":false,"span_bottom":false},"number_of_votes":0,"sum_votes":0},"_links":{"self":[{"href":"https:\/\/www.malatyayedekparca.com\/index.php\/wp-json\/wp\/v2\/product\/614"}],"collection":[{"href":"https:\/\/www.malatyayedekparca.com\/index.php\/wp-json\/wp\/v2\/product"}],"about":[{"href":"https:\/\/www.malatyayedekparca.com\/index.php\/wp-json\/wp\/v2\/types\/product"}],"replies":[{"embeddable":true,"href":"https:\/\/www.malatyayedekparca.com\/index.php\/wp-json\/wp\/v2\/comments?post=614"}],"wp:featuredmedia":[{"embeddable":true,"href":"https:\/\/www.malatyayedekparca.com\/index.php\/wp-json\/wp\/v2\/media\/237"}],"wp:attachment":[{"href":"https:\/\/www.malatyayedekparca.com\/index.php\/wp-json\/wp\/v2\/media?parent=614"}],"wp:term":[{"taxonomy":"product_cat","embeddable":true,"href":"https:\/\/www.malatyayedekparca.com\/index.php\/wp-json\/wp\/v2\/product_cat?post=614"},{"taxonomy":"product_tag","embeddable":true,"href":"https:\/\/www.malatyayedekparca.com\/index.php\/wp-json\/wp\/v2\/product_tag?post=614"}],"curies":[{"name":"wp","href":"https:\/\/api.w.org\/{rel}","templated":true}]}}