{"id":618,"date":"2020-03-22T14:51:14","date_gmt":"2020-03-22T11:51:14","guid":{"rendered":"https:\/\/www.malatyayedekparca.com\/index.php\/urun\/import-placeholder-for-5417\/"},"modified":"2024-03-30T15:34:29","modified_gmt":"2024-03-30T12:34:29","slug":"esanjor-contasi","status":"publish","type":"product","link":"https:\/\/www.malatyayedekparca.com\/index.php\/urun\/esanjor-contasi\/","title":{"rendered":"e\u015fanjor contas\u0131"},"content":{"rendered":"<div style='text-align:right' class='yasr-auto-insert-visitor'><\/div><p>kombi plaka e\u015fanj\u00f6r conta tak\u0131m\u0131<\/p>\n<p>pakette 4 adet bulunmaktad\u0131r<\/p>\n","protected":false},"excerpt":{"rendered":"<p>kombi plaka e\u015fanj\u00f6r conta tak\u0131m\u0131 pakette 4 adet bulunmaktad\u0131r<\/p>\n","protected":false},"featured_media":254,"comment_status":"open","ping_status":"closed","template":"","meta":{"yasr_overall_rating":0,"yasr_post_is_review":"","yasr_auto_insert_disabled":"","yasr_review_type":""},"product_cat":[15],"product_tag":[277,278,279,280],"class_list":{"0":"post-618","1":"product","2":"type-product","3":"status-publish","4":"has-post-thumbnail","6":"product_cat-diger-urunler","7":"product_tag-kombi-esanjor-tamir-set","8":"product_tag-kombi-plaka-esanjor-contas","9":"product_tag-plaka-esanjor-conta","10":"product_tag-plaka-esanjor-tamir-conta","12":"first","13":"outofstock","14":"shipping-taxable","15":"purchasable","16":"product-type-simple"},"yasr_visitor_votes":{"stars_attributes":{"read_only":false,"span_bottom":false},"number_of_votes":0,"sum_votes":0},"_links":{"self":[{"href":"https:\/\/www.malatyayedekparca.com\/index.php\/wp-json\/wp\/v2\/product\/618"}],"collection":[{"href":"https:\/\/www.malatyayedekparca.com\/index.php\/wp-json\/wp\/v2\/product"}],"about":[{"href":"https:\/\/www.malatyayedekparca.com\/index.php\/wp-json\/wp\/v2\/types\/product"}],"replies":[{"embeddable":true,"href":"https:\/\/www.malatyayedekparca.com\/index.php\/wp-json\/wp\/v2\/comments?post=618"}],"wp:featuredmedia":[{"embeddable":true,"href":"https:\/\/www.malatyayedekparca.com\/index.php\/wp-json\/wp\/v2\/media\/254"}],"wp:attachment":[{"href":"https:\/\/www.malatyayedekparca.com\/index.php\/wp-json\/wp\/v2\/media?parent=618"}],"wp:term":[{"taxonomy":"product_cat","embeddable":true,"href":"https:\/\/www.malatyayedekparca.com\/index.php\/wp-json\/wp\/v2\/product_cat?post=618"},{"taxonomy":"product_tag","embeddable":true,"href":"https:\/\/www.malatyayedekparca.com\/index.php\/wp-json\/wp\/v2\/product_tag?post=618"}],"curies":[{"name":"wp","href":"https:\/\/api.w.org\/{rel}","templated":true}]}}