{"id":621,"date":"2020-03-22T14:51:14","date_gmt":"2020-03-22T11:51:14","guid":{"rendered":"https:\/\/www.malatyayedekparca.com\/index.php\/urun\/import-placeholder-for-5436\/"},"modified":"2024-03-30T15:34:45","modified_gmt":"2024-03-30T12:34:45","slug":"prosestat-hava-akis-sensoru-metal","status":"publish","type":"product","link":"https:\/\/www.malatyayedekparca.com\/index.php\/urun\/prosestat-hava-akis-sensoru-metal\/","title":{"rendered":"prosestat hava ak\u0131\u015f sens\u00f6r\u00fc metal"},"content":{"rendered":"<div style='text-align:right' class='yasr-auto-insert-visitor'><\/div><p>beizen marka hava ak\u0131\u015f sens\u00f6r\u00fc prosestat metal 0,9 mb<\/p>\n","protected":false},"excerpt":{"rendered":"<p>beizen marka hava ak\u0131\u015f sens\u00f6r\u00fc prosestat metal 0,9 mb<\/p>\n","protected":false},"featured_media":260,"comment_status":"open","ping_status":"closed","template":"","meta":{"yasr_overall_rating":0,"yasr_post_is_review":"","yasr_auto_insert_disabled":"","yasr_review_type":""},"product_cat":[962],"product_tag":[291,129,288,292],"class_list":{"0":"post-621","1":"product","2":"type-product","3":"status-publish","4":"has-post-thumbnail","6":"product_cat-kombi-hava-akis-prosestat","7":"product_tag-beizen-metal-prosestat","8":"product_tag-hava-akis-sensoru","9":"product_tag-kombi-prosestat","10":"product_tag-kombi-prosestat-metal","12":"first","13":"outofstock","14":"shipping-taxable","15":"purchasable","16":"product-type-simple"},"yasr_visitor_votes":{"stars_attributes":{"read_only":false,"span_bottom":false},"number_of_votes":1,"sum_votes":5},"_links":{"self":[{"href":"https:\/\/www.malatyayedekparca.com\/index.php\/wp-json\/wp\/v2\/product\/621"}],"collection":[{"href":"https:\/\/www.malatyayedekparca.com\/index.php\/wp-json\/wp\/v2\/product"}],"about":[{"href":"https:\/\/www.malatyayedekparca.com\/index.php\/wp-json\/wp\/v2\/types\/product"}],"replies":[{"embeddable":true,"href":"https:\/\/www.malatyayedekparca.com\/index.php\/wp-json\/wp\/v2\/comments?post=621"}],"wp:featuredmedia":[{"embeddable":true,"href":"https:\/\/www.malatyayedekparca.com\/index.php\/wp-json\/wp\/v2\/media\/260"}],"wp:attachment":[{"href":"https:\/\/www.malatyayedekparca.com\/index.php\/wp-json\/wp\/v2\/media?parent=621"}],"wp:term":[{"taxonomy":"product_cat","embeddable":true,"href":"https:\/\/www.malatyayedekparca.com\/index.php\/wp-json\/wp\/v2\/product_cat?post=621"},{"taxonomy":"product_tag","embeddable":true,"href":"https:\/\/www.malatyayedekparca.com\/index.php\/wp-json\/wp\/v2\/product_tag?post=621"}],"curies":[{"name":"wp","href":"https:\/\/api.w.org\/{rel}","templated":true}]}}