{"id":635,"date":"2020-03-22T14:51:35","date_gmt":"2020-03-22T11:51:35","guid":{"rendered":"https:\/\/www.malatyayedekparca.com\/index.php\/urun\/import-placeholder-for-6000\/"},"modified":"2024-03-30T15:33:35","modified_gmt":"2024-03-30T12:33:35","slug":"vaillant-3-yollu-pirinc-gurup","status":"publish","type":"product","link":"https:\/\/www.malatyayedekparca.com\/index.php\/urun\/vaillant-3-yollu-pirinc-gurup\/","title":{"rendered":"vaillant 3 yollu pirin\u00e7 gurup"},"content":{"rendered":"<div style='text-align:right' class='yasr-auto-insert-visitor'><\/div><p>vaillant 3 yollu pirin\u00e7 gurup hidrolik grup<\/p>\n<p>sifir \u00fcr\u00fcn<\/p>\n","protected":false},"excerpt":{"rendered":"<p>vaillant 3 yollu pirin\u00e7 gurup hidrolik grup sifir \u00fcr\u00fcn<\/p>\n","protected":false},"featured_media":318,"comment_status":"open","ping_status":"closed","template":"","meta":{"yasr_overall_rating":0,"yasr_post_is_review":"","yasr_auto_insert_disabled":"","yasr_review_type":""},"product_cat":[949],"product_tag":[24,351,352],"class_list":{"0":"post-635","1":"product","2":"type-product","3":"status-publish","4":"has-post-thumbnail","6":"product_cat-kombi-3-yollu-grup-cesitleri","7":"product_tag-vaillant","8":"product_tag-vaillant-3-yollu","9":"product_tag-vaillant-3-yollu-pirinc-gurup-hidrolik-grup","11":"first","12":"outofstock","13":"taxable","14":"shipping-taxable","15":"purchasable","16":"product-type-simple"},"yasr_visitor_votes":{"stars_attributes":{"read_only":false,"span_bottom":false},"number_of_votes":1,"sum_votes":5},"_links":{"self":[{"href":"https:\/\/www.malatyayedekparca.com\/index.php\/wp-json\/wp\/v2\/product\/635"}],"collection":[{"href":"https:\/\/www.malatyayedekparca.com\/index.php\/wp-json\/wp\/v2\/product"}],"about":[{"href":"https:\/\/www.malatyayedekparca.com\/index.php\/wp-json\/wp\/v2\/types\/product"}],"replies":[{"embeddable":true,"href":"https:\/\/www.malatyayedekparca.com\/index.php\/wp-json\/wp\/v2\/comments?post=635"}],"wp:featuredmedia":[{"embeddable":true,"href":"https:\/\/www.malatyayedekparca.com\/index.php\/wp-json\/wp\/v2\/media\/318"}],"wp:attachment":[{"href":"https:\/\/www.malatyayedekparca.com\/index.php\/wp-json\/wp\/v2\/media?parent=635"}],"wp:term":[{"taxonomy":"product_cat","embeddable":true,"href":"https:\/\/www.malatyayedekparca.com\/index.php\/wp-json\/wp\/v2\/product_cat?post=635"},{"taxonomy":"product_tag","embeddable":true,"href":"https:\/\/www.malatyayedekparca.com\/index.php\/wp-json\/wp\/v2\/product_tag?post=635"}],"curies":[{"name":"wp","href":"https:\/\/api.w.org\/{rel}","templated":true}]}}