{"id":650,"date":"2020-03-22T14:51:37","date_gmt":"2020-03-22T11:51:37","guid":{"rendered":"https:\/\/www.malatyayedekparca.com\/index.php\/urun\/import-placeholder-for-6174\/"},"modified":"2023-12-11T17:17:58","modified_gmt":"2023-12-11T14:17:58","slug":"baymak-luna-avant-ana-esanjor","status":"publish","type":"product","link":"https:\/\/www.malatyayedekparca.com\/index.php\/urun\/baymak-luna-avant-ana-esanjor\/","title":{"rendered":"baymak luna avant ana e\u015fanj\u00f6r"},"content":{"rendered":"<div style='text-align:right' class='yasr-auto-insert-visitor'><\/div><p>baymak luna avant ana e\u015fanj\u00f6r<\/p>\n<p>\u00e7\u0131kma \u00fcr\u00fcnd\u00fcr<\/p>\n","protected":false},"excerpt":{"rendered":"<p>baymak luna avant ana e\u015fanj\u00f6r \u00e7\u0131kma \u00fcr\u00fcnd\u00fcr<\/p>\n","protected":false},"featured_media":369,"comment_status":"open","ping_status":"closed","template":"","meta":{"yasr_overall_rating":0,"yasr_post_is_review":"","yasr_auto_insert_disabled":"","yasr_review_type":""},"product_cat":[963],"product_tag":[414,415,416],"class_list":{"0":"post-650","1":"product","2":"type-product","3":"status-publish","4":"has-post-thumbnail","6":"product_cat-kombi-ana-esanjorleri","7":"product_tag-baymak-ana-esanjor","8":"product_tag-baymak-esanjor","9":"product_tag-baymak-luna-esanjor","11":"first","12":"outofstock","13":"shipping-taxable","14":"purchasable","15":"product-type-simple"},"yasr_visitor_votes":{"stars_attributes":{"read_only":false,"span_bottom":false},"number_of_votes":3,"sum_votes":15},"_links":{"self":[{"href":"https:\/\/www.malatyayedekparca.com\/index.php\/wp-json\/wp\/v2\/product\/650"}],"collection":[{"href":"https:\/\/www.malatyayedekparca.com\/index.php\/wp-json\/wp\/v2\/product"}],"about":[{"href":"https:\/\/www.malatyayedekparca.com\/index.php\/wp-json\/wp\/v2\/types\/product"}],"replies":[{"embeddable":true,"href":"https:\/\/www.malatyayedekparca.com\/index.php\/wp-json\/wp\/v2\/comments?post=650"}],"wp:featuredmedia":[{"embeddable":true,"href":"https:\/\/www.malatyayedekparca.com\/index.php\/wp-json\/wp\/v2\/media\/369"}],"wp:attachment":[{"href":"https:\/\/www.malatyayedekparca.com\/index.php\/wp-json\/wp\/v2\/media?parent=650"}],"wp:term":[{"taxonomy":"product_cat","embeddable":true,"href":"https:\/\/www.malatyayedekparca.com\/index.php\/wp-json\/wp\/v2\/product_cat?post=650"},{"taxonomy":"product_tag","embeddable":true,"href":"https:\/\/www.malatyayedekparca.com\/index.php\/wp-json\/wp\/v2\/product_tag?post=650"}],"curies":[{"name":"wp","href":"https:\/\/api.w.org\/{rel}","templated":true}]}}