{"id":656,"date":"2020-03-22T14:51:37","date_gmt":"2020-03-22T11:51:37","guid":{"rendered":"https:\/\/www.malatyayedekparca.com\/index.php\/urun\/import-placeholder-for-7063\/"},"modified":"2026-02-07T15:23:52","modified_gmt":"2026-02-07T12:23:52","slug":"honeywell-gaz-valfi-baymak-demirdokum","status":"publish","type":"product","link":"https:\/\/www.malatyayedekparca.com\/index.php\/urun\/honeywell-gaz-valfi-baymak-demirdokum\/","title":{"rendered":"honeywell gaz valfi baymak demird\u00f6k\u00fcm"},"content":{"rendered":"<div style='text-align:right' class='yasr-auto-insert-visitor'><\/div><p>honeywell gaz valfi baymak demird\u00f6k\u00fcm premix yeni tip sifir \u00fcr\u00fcnd\u00fcr<\/p>\n","protected":false},"excerpt":{"rendered":"<p>honeywell gaz valfi baymak demird\u00f6k\u00fcm premix yeni tip sifir \u00fcr\u00fcnd\u00fcr<\/p>\n","protected":false},"featured_media":381,"comment_status":"open","ping_status":"closed","template":"","meta":{"yasr_overall_rating":0,"yasr_post_is_review":"","yasr_auto_insert_disabled":"","yasr_review_type":""},"product_cat":[961],"product_tag":[435,436,437,438,439,440],"class_list":{"0":"post-656","1":"product","2":"type-product","3":"status-publish","4":"has-post-thumbnail","6":"product_cat-kombi-gaz-valfleri","7":"product_tag-baymak-gaz-valfi","8":"product_tag-demirdokum-gaz-valfi","9":"product_tag-honeywell-gaz-valfi","10":"product_tag-honeywell-gaz-valfi-baymak-demirdokum","11":"product_tag-kombi-gaz-valfi-baymak-demirdokum-yeni","12":"product_tag-yeni-tip-premix-gaz-valfi","14":"first","15":"instock","16":"shipping-taxable","17":"purchasable","18":"product-type-simple"},"yasr_visitor_votes":{"stars_attributes":{"read_only":false,"span_bottom":false},"number_of_votes":2,"sum_votes":10},"_links":{"self":[{"href":"https:\/\/www.malatyayedekparca.com\/index.php\/wp-json\/wp\/v2\/product\/656"}],"collection":[{"href":"https:\/\/www.malatyayedekparca.com\/index.php\/wp-json\/wp\/v2\/product"}],"about":[{"href":"https:\/\/www.malatyayedekparca.com\/index.php\/wp-json\/wp\/v2\/types\/product"}],"replies":[{"embeddable":true,"href":"https:\/\/www.malatyayedekparca.com\/index.php\/wp-json\/wp\/v2\/comments?post=656"}],"wp:featuredmedia":[{"embeddable":true,"href":"https:\/\/www.malatyayedekparca.com\/index.php\/wp-json\/wp\/v2\/media\/381"}],"wp:attachment":[{"href":"https:\/\/www.malatyayedekparca.com\/index.php\/wp-json\/wp\/v2\/media?parent=656"}],"wp:term":[{"taxonomy":"product_cat","embeddable":true,"href":"https:\/\/www.malatyayedekparca.com\/index.php\/wp-json\/wp\/v2\/product_cat?post=656"},{"taxonomy":"product_tag","embeddable":true,"href":"https:\/\/www.malatyayedekparca.com\/index.php\/wp-json\/wp\/v2\/product_tag?post=656"}],"curies":[{"name":"wp","href":"https:\/\/api.w.org\/{rel}","templated":true}]}}