{"id":657,"date":"2020-03-22T14:51:58","date_gmt":"2020-03-22T11:51:58","guid":{"rendered":"https:\/\/www.malatyayedekparca.com\/index.php\/urun\/import-placeholder-for-7069\/"},"modified":"2023-12-11T17:17:54","modified_gmt":"2023-12-11T14:17:54","slug":"eca-kombi-gaz-valfi","status":"publish","type":"product","link":"https:\/\/www.malatyayedekparca.com\/index.php\/urun\/eca-kombi-gaz-valfi\/","title":{"rendered":"Eca kombi gaz valfi"},"content":{"rendered":"<div style='text-align:right' class='yasr-auto-insert-visitor'><\/div><p>Eca gaz valfi orjinal sifir \u00fcr\u00fcnd\u00fcr<\/p>\n","protected":false},"excerpt":{"rendered":"<p>Eca gaz valfi orjinal sifir \u00fcr\u00fcnd\u00fcr<\/p>\n","protected":false},"featured_media":5208,"comment_status":"open","ping_status":"closed","template":"","meta":{"yasr_overall_rating":0,"yasr_post_is_review":"","yasr_auto_insert_disabled":"","yasr_review_type":""},"product_cat":[961],"product_tag":[441,442,443,562],"class_list":{"0":"post-657","1":"product","2":"type-product","3":"status-publish","4":"has-post-thumbnail","6":"product_cat-kombi-gaz-valfleri","7":"product_tag-eca-gaz-armaturu","8":"product_tag-eca-kombi-gaz-valfi","9":"product_tag-gaz-valfi","10":"product_tag-kombi-gaz-valfi-eca-malatya-ankara-gaziantep-adiyaman-konya-sanli-urfa-elazig-kombi-yedek-parca-temin-satis","12":"first","13":"outofstock","14":"shipping-taxable","15":"purchasable","16":"product-type-simple"},"yasr_visitor_votes":{"stars_attributes":{"read_only":false,"span_bottom":false},"number_of_votes":1,"sum_votes":5},"_links":{"self":[{"href":"https:\/\/www.malatyayedekparca.com\/index.php\/wp-json\/wp\/v2\/product\/657"}],"collection":[{"href":"https:\/\/www.malatyayedekparca.com\/index.php\/wp-json\/wp\/v2\/product"}],"about":[{"href":"https:\/\/www.malatyayedekparca.com\/index.php\/wp-json\/wp\/v2\/types\/product"}],"replies":[{"embeddable":true,"href":"https:\/\/www.malatyayedekparca.com\/index.php\/wp-json\/wp\/v2\/comments?post=657"}],"wp:featuredmedia":[{"embeddable":true,"href":"https:\/\/www.malatyayedekparca.com\/index.php\/wp-json\/wp\/v2\/media\/5208"}],"wp:attachment":[{"href":"https:\/\/www.malatyayedekparca.com\/index.php\/wp-json\/wp\/v2\/media?parent=657"}],"wp:term":[{"taxonomy":"product_cat","embeddable":true,"href":"https:\/\/www.malatyayedekparca.com\/index.php\/wp-json\/wp\/v2\/product_cat?post=657"},{"taxonomy":"product_tag","embeddable":true,"href":"https:\/\/www.malatyayedekparca.com\/index.php\/wp-json\/wp\/v2\/product_tag?post=657"}],"curies":[{"name":"wp","href":"https:\/\/api.w.org\/{rel}","templated":true}]}}