{"id":671,"date":"2020-03-22T14:51:59","date_gmt":"2020-03-22T11:51:59","guid":{"rendered":"https:\/\/www.malatyayedekparca.com\/index.php\/urun\/import-placeholder-for-7199\/"},"modified":"2023-12-11T16:47:43","modified_gmt":"2023-12-11T13:47:43","slug":"ariston-genus-premium-elektronik-kart","status":"publish","type":"product","link":"https:\/\/www.malatyayedekparca.com\/index.php\/urun\/ariston-genus-premium-elektronik-kart\/","title":{"rendered":"Ariston Genus Premium Elektronik Kart ( \u00c7\u0131kma )"},"content":{"rendered":"<div style='text-align:right' class='yasr-auto-insert-visitor'><\/div><p>Ariston Genus Premium Elektronik Kart,\u00a0Ariston Genus Premium Elektronik Kart fiyat\u0131,\u00a0Ariston Genus Premium Elektronik Kart yo\u011fu\u015fmal\u0131,\u00a0Ariston Genus Premium Elektronik Kart tamiri, Ariston yo\u011fu\u015fmal\u0131 kombi kart\u0131<\/p>\n<p>Uygun fiyata sitemizden sat\u0131n alabilirsiniz.<\/p>\n<p><strong>\u00dcr\u00fcn ikinci el test edilmi\u015f \u00fcr\u00fcnd\u00fcr<\/strong><\/p>\n","protected":false},"excerpt":{"rendered":"<p>Ariston Genus Premium Elektronik Kart,\u00a0Ariston Genus Premium Elektronik Kart fiyat\u0131,\u00a0Ariston Genus Premium Elektronik Kart yo\u011fu\u015fmal\u0131,\u00a0Ariston Genus Premium Elektronik Kart tamiri, Ariston yo\u011fu\u015fmal\u0131 kombi kart\u0131 Uygun fiyata sitemizden sat\u0131n alabilirsiniz. \u00dcr\u00fcn ikinci el test edilmi\u015f \u00fcr\u00fcnd\u00fcr<\/p>\n","protected":false},"featured_media":412,"comment_status":"open","ping_status":"closed","template":"","meta":{"yasr_overall_rating":4.9,"yasr_post_is_review":"","yasr_auto_insert_disabled":"","yasr_review_type":""},"product_cat":[968],"product_tag":[499,500,501,558],"class_list":{"0":"post-671","1":"product","2":"type-product","3":"status-publish","4":"has-post-thumbnail","6":"product_cat-kombi-elektronik-kartlar","7":"product_tag-ariston-genus","8":"product_tag-ariston-genus-premium","9":"product_tag-ariston-genus-premix","10":"product_tag-kombi-karti-malatya-adiyaman-kahramanmaras-elazig-kombi-yedek-parca-ariston-kombi-yedek-parcalari","12":"first","13":"outofstock","14":"shipping-taxable","15":"purchasable","16":"product-type-simple"},"yasr_visitor_votes":{"stars_attributes":{"read_only":false,"span_bottom":false},"number_of_votes":10,"sum_votes":46},"_links":{"self":[{"href":"https:\/\/www.malatyayedekparca.com\/index.php\/wp-json\/wp\/v2\/product\/671"}],"collection":[{"href":"https:\/\/www.malatyayedekparca.com\/index.php\/wp-json\/wp\/v2\/product"}],"about":[{"href":"https:\/\/www.malatyayedekparca.com\/index.php\/wp-json\/wp\/v2\/types\/product"}],"replies":[{"embeddable":true,"href":"https:\/\/www.malatyayedekparca.com\/index.php\/wp-json\/wp\/v2\/comments?post=671"}],"wp:featuredmedia":[{"embeddable":true,"href":"https:\/\/www.malatyayedekparca.com\/index.php\/wp-json\/wp\/v2\/media\/412"}],"wp:attachment":[{"href":"https:\/\/www.malatyayedekparca.com\/index.php\/wp-json\/wp\/v2\/media?parent=671"}],"wp:term":[{"taxonomy":"product_cat","embeddable":true,"href":"https:\/\/www.malatyayedekparca.com\/index.php\/wp-json\/wp\/v2\/product_cat?post=671"},{"taxonomy":"product_tag","embeddable":true,"href":"https:\/\/www.malatyayedekparca.com\/index.php\/wp-json\/wp\/v2\/product_tag?post=671"}],"curies":[{"name":"wp","href":"https:\/\/api.w.org\/{rel}","templated":true}]}}