{"id":725,"date":"2020-07-04T13:57:40","date_gmt":"2020-07-04T10:57:40","guid":{"rendered":"https:\/\/www.malatyayedekparca.com\/?post_type=product&#038;p=725"},"modified":"2023-12-11T16:47:40","modified_gmt":"2023-12-11T13:47:40","slug":"baymak-bh11-sofben-esanjor","status":"publish","type":"product","link":"https:\/\/www.malatyayedekparca.com\/index.php\/urun\/baymak-bh11-sofben-esanjor\/","title":{"rendered":"Baymak BH11 sofben e\u015fanj\u00f6r"},"content":{"rendered":"<div style='text-align:right' class='yasr-auto-insert-visitor'><\/div><p>BAYMAK BH11 \u015eOFBEN ORJ\u0130NAL SIFIR E\u015eANJ\u00d6R<\/p>\n","protected":false},"excerpt":{"rendered":"<p>BAYMAK BH11 \u015eOFBEN ORJ\u0130NAL SIFIR E\u015eANJ\u00d6R<\/p>\n","protected":false},"featured_media":730,"comment_status":"open","ping_status":"closed","template":"","meta":{"yasr_overall_rating":5,"yasr_post_is_review":"","yasr_auto_insert_disabled":"","yasr_review_type":""},"product_cat":[963],"product_tag":[415,553,552],"class_list":{"0":"post-725","1":"product","2":"type-product","3":"status-publish","4":"has-post-thumbnail","6":"product_cat-kombi-ana-esanjorleri","7":"product_tag-baymak-esanjor","8":"product_tag-bh11-dogalgazli-sofben-esanjor","9":"product_tag-bh11-sofben-esanjor-baymak","11":"first","12":"outofstock","13":"shipping-taxable","14":"purchasable","15":"product-type-simple"},"yasr_visitor_votes":{"stars_attributes":{"read_only":false,"span_bottom":false},"number_of_votes":9,"sum_votes":38},"_links":{"self":[{"href":"https:\/\/www.malatyayedekparca.com\/index.php\/wp-json\/wp\/v2\/product\/725"}],"collection":[{"href":"https:\/\/www.malatyayedekparca.com\/index.php\/wp-json\/wp\/v2\/product"}],"about":[{"href":"https:\/\/www.malatyayedekparca.com\/index.php\/wp-json\/wp\/v2\/types\/product"}],"replies":[{"embeddable":true,"href":"https:\/\/www.malatyayedekparca.com\/index.php\/wp-json\/wp\/v2\/comments?post=725"}],"wp:featuredmedia":[{"embeddable":true,"href":"https:\/\/www.malatyayedekparca.com\/index.php\/wp-json\/wp\/v2\/media\/730"}],"wp:attachment":[{"href":"https:\/\/www.malatyayedekparca.com\/index.php\/wp-json\/wp\/v2\/media?parent=725"}],"wp:term":[{"taxonomy":"product_cat","embeddable":true,"href":"https:\/\/www.malatyayedekparca.com\/index.php\/wp-json\/wp\/v2\/product_cat?post=725"},{"taxonomy":"product_tag","embeddable":true,"href":"https:\/\/www.malatyayedekparca.com\/index.php\/wp-json\/wp\/v2\/product_tag?post=725"}],"curies":[{"name":"wp","href":"https:\/\/api.w.org\/{rel}","templated":true}]}}