{"id":749,"date":"2020-10-24T15:46:05","date_gmt":"2020-10-24T12:46:05","guid":{"rendered":"https:\/\/www.malatyayedekparca.com\/?post_type=product&#038;p=749"},"modified":"2023-12-11T16:47:39","modified_gmt":"2023-12-11T13:47:39","slug":"baymak-luna-90w-fan-motoru","status":"publish","type":"product","link":"https:\/\/www.malatyayedekparca.com\/index.php\/urun\/baymak-luna-90w-fan-motoru\/","title":{"rendered":"baymak luna 90W  fan motoru"},"content":{"rendered":"<div style='text-align:right' class='yasr-auto-insert-visitor'><\/div><h2><strong>Baymak Yar\u0131 Yo\u011fu\u015fmal\u0131 <\/strong><\/h2>\n<h2><strong>Kombi Fan Motoru 50 HZ\u00a0 90 WATT <\/strong><\/h2>\n<h2><strong>SIFIR \u00dcR\u00dcND\u00dcR\u00a0<\/strong><\/h2>\n","protected":false},"excerpt":{"rendered":"<p>Baymak Yar\u0131 Yo\u011fu\u015fmal\u0131 Kombi Fan Motoru 50 HZ\u00a0 90 WATT SIFIR \u00dcR\u00dcND\u00dcR\u00a0<\/p>\n","protected":false},"featured_media":754,"comment_status":"open","ping_status":"closed","template":"","meta":{"yasr_overall_rating":0,"yasr_post_is_review":"","yasr_auto_insert_disabled":"","yasr_review_type":""},"product_cat":[951],"product_tag":[576,575,577],"class_list":{"0":"post-749","1":"product","2":"type-product","3":"status-publish","4":"has-post-thumbnail","6":"product_cat-kombi-fanlari","7":"product_tag-baymak-90-wat-fan-motoru","8":"product_tag-baymak-luna-fan","9":"product_tag-baymak-luna-yari-yogusmali-fan","11":"first","12":"outofstock","13":"shipping-taxable","14":"purchasable","15":"product-type-simple"},"yasr_visitor_votes":{"stars_attributes":{"read_only":false,"span_bottom":false},"number_of_votes":5,"sum_votes":25},"_links":{"self":[{"href":"https:\/\/www.malatyayedekparca.com\/index.php\/wp-json\/wp\/v2\/product\/749"}],"collection":[{"href":"https:\/\/www.malatyayedekparca.com\/index.php\/wp-json\/wp\/v2\/product"}],"about":[{"href":"https:\/\/www.malatyayedekparca.com\/index.php\/wp-json\/wp\/v2\/types\/product"}],"replies":[{"embeddable":true,"href":"https:\/\/www.malatyayedekparca.com\/index.php\/wp-json\/wp\/v2\/comments?post=749"}],"wp:featuredmedia":[{"embeddable":true,"href":"https:\/\/www.malatyayedekparca.com\/index.php\/wp-json\/wp\/v2\/media\/754"}],"wp:attachment":[{"href":"https:\/\/www.malatyayedekparca.com\/index.php\/wp-json\/wp\/v2\/media?parent=749"}],"wp:term":[{"taxonomy":"product_cat","embeddable":true,"href":"https:\/\/www.malatyayedekparca.com\/index.php\/wp-json\/wp\/v2\/product_cat?post=749"},{"taxonomy":"product_tag","embeddable":true,"href":"https:\/\/www.malatyayedekparca.com\/index.php\/wp-json\/wp\/v2\/product_tag?post=749"}],"curies":[{"name":"wp","href":"https:\/\/api.w.org\/{rel}","templated":true}]}}