{"id":769,"date":"2020-11-05T23:39:52","date_gmt":"2020-11-05T20:39:52","guid":{"rendered":"https:\/\/www.malatyayedekparca.com\/?post_type=product&#038;p=769"},"modified":"2023-12-11T16:47:39","modified_gmt":"2023-12-11T13:47:39","slug":"baymak-bh13-hermetik-sofben-akis-turbini","status":"publish","type":"product","link":"https:\/\/www.malatyayedekparca.com\/index.php\/urun\/baymak-bh13-hermetik-sofben-akis-turbini\/","title":{"rendered":"Baymak BH13 Hermetik \u015eofben Ak\u0131\u015f T\u00fcrbini"},"content":{"rendered":"<div style='text-align:right' class='yasr-auto-insert-visitor'><\/div><p>Baymak BH13 Hermetik \u015eofben Ak\u0131\u015f T\u00fcrbini<\/p>\n<p>Baymak kombi hermetik \u015fohben ak\u0131\u015f \u015falteri<\/p>\n","protected":false},"excerpt":{"rendered":"<p>Baymak BH13 Hermetik \u015eofben Ak\u0131\u015f T\u00fcrbini Baymak kombi hermetik \u015fohben ak\u0131\u015f \u015falteri<\/p>\n","protected":false},"featured_media":5202,"comment_status":"open","ping_status":"closed","template":"","meta":{"yasr_overall_rating":0,"yasr_post_is_review":"","yasr_auto_insert_disabled":"","yasr_review_type":""},"product_cat":[945],"product_tag":[580,588,584,585,581,583,587,586,582],"class_list":{"0":"post-769","1":"product","2":"type-product","3":"status-publish","4":"has-post-thumbnail","6":"product_cat-kombi-akis-turbin-guruplari","7":"product_tag-baymak-akis-turbini","8":"product_tag-baymak-bh13-akis-turbini","9":"product_tag-baymak-kombi-su-akis-turbini","10":"product_tag-baymak-sofben-akis-turbini","11":"product_tag-baymak-su-akis-turbini","12":"product_tag-baymak-turibin","13":"product_tag-sofben-bh11-akis-turbin","14":"product_tag-sohben-turbini","15":"product_tag-turbin","17":"first","18":"outofstock","19":"shipping-taxable","20":"purchasable","21":"product-type-simple"},"yasr_visitor_votes":{"stars_attributes":{"read_only":false,"span_bottom":false},"number_of_votes":6,"sum_votes":29},"_links":{"self":[{"href":"https:\/\/www.malatyayedekparca.com\/index.php\/wp-json\/wp\/v2\/product\/769"}],"collection":[{"href":"https:\/\/www.malatyayedekparca.com\/index.php\/wp-json\/wp\/v2\/product"}],"about":[{"href":"https:\/\/www.malatyayedekparca.com\/index.php\/wp-json\/wp\/v2\/types\/product"}],"replies":[{"embeddable":true,"href":"https:\/\/www.malatyayedekparca.com\/index.php\/wp-json\/wp\/v2\/comments?post=769"}],"wp:featuredmedia":[{"embeddable":true,"href":"https:\/\/www.malatyayedekparca.com\/index.php\/wp-json\/wp\/v2\/media\/5202"}],"wp:attachment":[{"href":"https:\/\/www.malatyayedekparca.com\/index.php\/wp-json\/wp\/v2\/media?parent=769"}],"wp:term":[{"taxonomy":"product_cat","embeddable":true,"href":"https:\/\/www.malatyayedekparca.com\/index.php\/wp-json\/wp\/v2\/product_cat?post=769"},{"taxonomy":"product_tag","embeddable":true,"href":"https:\/\/www.malatyayedekparca.com\/index.php\/wp-json\/wp\/v2\/product_tag?post=769"}],"curies":[{"name":"wp","href":"https:\/\/api.w.org\/{rel}","templated":true}]}}